{"id":3,"date":"2022-12-31T10:21:09","date_gmt":"2022-12-31T10:21:09","guid":{"rendered":"http:\/\/florina-vilgertshofer.de\/?page_id=3"},"modified":"2023-11-24T15:32:53","modified_gmt":"2023-11-24T15:32:53","slug":"privacy-policy","status":"publish","type":"page","link":"https:\/\/florina-vilgertshofer.de\/?page_id=3","title":{"rendered":"Datenschutzerkl\u00e4rung"},"content":{"rendered":"\n<p>Florina Vilgertshofer ist als Betreiberin dieser Website (im Folgenden \u201eWir\u201c) Verantwortliche f\u00fcr die personenbezogenen Daten der NutzerInnen der Website (im Folgenden \u201eSie\u201c) der Anwendung findenden Datenschutzgrundverordnung.<\/p>\n\n\n\n<p>Der Schutz der personenbezogenen Daten unserer BesucherInnen ist uns wichtig. Sie k\u00f6nnen von uns erwarten, dass wir mit Ihren Daten sensibel und sorgf\u00e4ltig umgehen und f\u00fcr eine hohe Datensicherheit sorgen. Wir beachten die Vorschriften des Bundesdatenschutz- und des Telemediengesetzes sowie der EU-Datenschutzgrundverordnung und werden personenbezogene Daten der NutzerInnen nur in dem in dieser Datenschutzerkl\u00e4rung beschriebenen Umfang verarbeiten.<\/p>\n\n\n\n<h3 class=\"wp-block-heading\">1. Personenbezogene Daten<\/h3>\n\n\n\n<p>Personenbezogene Daten sind solche Daten, die R\u00fcckschl\u00fcsse auf Ihre Identit\u00e4t zulassen. Wir erfassen personenbezogene Daten ausschlie\u00dflich dann, wenn Sie diese freiwillig an uns preisgeben. Um diese Website zu benutzen, m\u00fcssen Sie uns keine personenbezogenen Daten \u00fcbermitteln. <\/p>\n\n\n\n<h3 class=\"wp-block-heading\">2. Weitergabe an Dritte<\/h3>\n\n\n\n<p>Personenbezogene Daten werden nur in den auf dieser Seite deklarierten Ausnahmef\u00e4llen nicht an Dritte weitergegeben. Eine Weitergabe erfolgt lediglich aufgrund von beh\u00f6rdlichen oder gerichtlichen Anordnungen, im Hinblick auf Strafverfolgung, Gefahrenabwehr oder zur Durchsetzung geistiger Eigentumsrechte.<\/p>\n\n\n\n<p>Instagram<\/p>\n\n\n\n<p><\/p>\n\n\n\n<h3 class=\"wp-block-heading\">3.<strong> Links zu anderen Websites<\/strong><\/h3>\n\n\n\n<p>Auf unserer Website finden sich Links zu Websites von anderen, mit uns nicht verbundenen Anbietern. Wenn Sie entsprechenden Links folgen, haben wir keinen Einfluss mehr auf die weitere Verarbeitung der \u00fcbertragenen Daten (IP-Adresse oder URL). F\u00fcr die Verarbeitung Ihrer Daten durch Dritte k\u00f6nnen wir deshalb keine Verantwortung \u00fcbernehmen.<\/p>\n\n\n\n<h3 class=\"wp-block-heading\">4.<strong> Verwaltung von Cookies<\/strong><\/h3>\n\n\n\n<p>Zur Verwaltung der eingesetzten Cookies und \u00e4hnlichen Technologien (Tracking-Pixel, Web-Beacons etc.) und diesbez\u00fcglicher Einwilligungen setzten wir das Consent Tool &#8222;Real Cookie Banner&#8220; ein. Details zur Funktionsweise von &#8222;Real Cookie Banner&#8220; finden Sie unter <a href=\"https:\/\/devowl.io\/de\/rcb\/datenverarbeitung\/\" target=\"_blank\" rel=\"noreferrer noopener\">https:\/\/devowl.io\/de\/rcb\/datenverarbeitung\/<\/a>.<\/p>\n\n\n\n<p>Rechtsgrundlagen f\u00fcr die Verarbeitung von personenbezogenen Daten in diesem Zusammenhang sind Art. 6 Abs. 1 lit. c DS-GVO und Art. 6 Abs. 1 lit. f DS-GVO. Unser berechtigtes Interesse ist die Verwaltung der eingesetzten Cookies und \u00e4hnlichen Technologien und der diesbez\u00fcglichen Einwilligungen.<\/p>\n\n\n\n<p>Die Bereitstellung der personenbezogenen Daten ist weder vertraglich vorgeschrieben noch f\u00fcr den Abschluss eines Vertrages notwendig. Sie sind nicht verpflichtet die personenbezogenen Daten bereitzustellen. Wenn Sie die personenbezogenen Daten nicht bereitstellen, k\u00f6nnen wir Ihre Einwilligungen nicht verwalten.<\/p>\n\n\n\n<p>  <\/p>\n\n\n\n<h3 class=\"wp-block-heading\">5. <strong>Social Media<\/strong><\/h3>\n\n\n\n<p>Wenn Sie auf einen der Social-Media-Buttons auf unserer Website klicken, werden Daten (wie IP-Adresse, Browser-Plugins, Informationen \u00fcber Ihren Browser, Referer oder URL) an die jeweiligen Seitenbetreiber \u00fcbermittelt. Wir selbst erfassen hierdurch keine Daten von Ihnen.<\/p>\n\n\n\n<p>Diese Seite verwendet ein Instragram Plugin. D. h. es k\u00f6nnen Funktionen und Inhalte des Dienstes Instagram, angeboten durch die Instagram Inc., 1601 Willow Road, Menlo Park, CA, 94025, USA, eingebunden werden. Hierzu k\u00f6nnen z.B. Inhalte wie Bilder, Videos oder Texte und Schaltfl\u00e4chen geh\u00f6ren, mit denen Nutzer ihr Gefallen betreffend die Inhalte kundtun, den Verfassern der Inhalte oder unsere Beitr\u00e4ge abonnieren k\u00f6nnen. Sofern die Nutzer Mitglieder der Plattform Instagram sind, kann Instagram den Aufruf der o.g. Inhalte und Funktionen den dortigen Profilen der Nutzer zuordnen. Datenschutzerkl\u00e4rung von Instagram: http:\/\/instagram.com\/about\/legal\/privacy\/. Auf meiner Website verwenden ich das Plug-In \u201eInstagram Feed\u201c. Das Plug-In wird von der Smash Balloon LLC in den USA (https:\/\/smashballoon.com\/) entwickelt (\u201eAnbieter\u201c) und wird als WordPress-Plug-In oder als eigenst\u00e4ndiges PHP-Plug-In angeboten. Das Plug-In erm\u00f6glicht es, den Newsfeed meiner Instagram-Fanpage direkt auf meiner Website darzustellen. Hierzu ruft das Plug-In die Informationen bei Instagram ab und bindet diese in meine Website ein. Nach derzeitigem Kenntnisstand werden hierbei keine besonderen Cookies speziell von diesem Plug-In in Ihrem Browser gesetzt, die personenbezogene Daten erheben, verarbeiten oder nutzen. Dennoch kann ich nicht g\u00e4nzlich ausschlie\u00dfen, dass unter Umst\u00e4nden personenbezogene Daten (z. B. IP-Adressen, Browserdaten o.\u00e4.) an den Anbieter des Plug-Ins oder Instagram \u00fcbermittelt werden. Wenn Sie einen Link in dem Newsfeed anklicken, werden Sie auf meine Instagrampage weitergeleitetet. In diesem Fall speichert Instagram, von welcher Website Sie meine Instagrampage aufgerufen haben. N\u00e4heres dazu, welche Daten von Ihnen erhoben, verarbeitet oder genutzt werden, wenn Sie die Seiten von Instagram aufrufen, entnehmen Sie bitte der Datenschutzerkl\u00e4rung von Instagram. Der komplette Funktionsumfang des Plug-Ins kann unter https:\/\/de.wordpress.org\/plugins\/instagram-feed\/ und https:\/\/smashballoon.com\/instagram-feed eingesehen werden. Weiter Informationen zum Datenschutz von Smash Balloon gibt es hier: https:\/\/smashballoon.com\/gdpr-and-our-plugins\/ Wenn Sie nicht w\u00fcnschen, dass Instagram den Besuch meiner Seiten Ihrem Instagram-Nutzerkonto zuordnen kann, loggen Sie sich bitte aus Ihrem Instagram-Benutzerkonto aus.<\/p>\n\n\n\n<p>  <\/p>\n\n\n\n<h3 class=\"wp-block-heading\">6. <strong>\u00c4nderungen der Datenschutzerkl\u00e4rung<\/strong><\/h3>\n\n\n\n<p>Wir behalten uns das Recht vor, diese Datenschutzerkl\u00e4rung jederzeit zu \u00e4ndern. Die jeweils aktuelle Version finden Sie hier.<\/p>\n","protected":false},"excerpt":{"rendered":"<p>Florina Vilgertshofer ist als Betreiberin dieser Website (im Folgenden \u201eWir\u201c) Verantwortliche f\u00fcr die personenbezogenen Daten der NutzerInnen der Website (im Folgenden \u201eSie\u201c) der Anwendung findenden Datenschutzgrundverordnung. Der Schutz der personenbezogenen [&hellip;]<\/p>\n","protected":false},"author":1,"featured_media":0,"parent":0,"menu_order":0,"comment_status":"closed","ping_status":"open","template":"","meta":{"footnotes":""},"class_list":["post-3","page","type-page","status-publish","hentry"],"yoast_head":"<!-- This site is optimized with the Yoast SEO plugin v25.7 - https:\/\/yoast.com\/wordpress\/plugins\/seo\/ -->\n<title>Datenschutzerkl\u00e4rung - Florina Vilgertshofer<\/title>\n<meta name=\"robots\" content=\"index, follow, max-snippet:-1, max-image-preview:large, max-video-preview:-1\" \/>\n<link rel=\"canonical\" href=\"https:\/\/florina-vilgertshofer.de\/?page_id=3\" \/>\n<meta property=\"og:locale\" content=\"de_DE\" \/>\n<meta property=\"og:type\" content=\"article\" \/>\n<meta property=\"og:title\" content=\"Datenschutzerkl\u00e4rung - Florina Vilgertshofer\" \/>\n<meta property=\"og:description\" content=\"Florina Vilgertshofer ist als Betreiberin dieser Website (im Folgenden \u201eWir\u201c) Verantwortliche f\u00fcr die personenbezogenen Daten der NutzerInnen der Website (im Folgenden \u201eSie\u201c) der Anwendung findenden Datenschutzgrundverordnung. Der Schutz der personenbezogenen [&hellip;]\" \/>\n<meta property=\"og:url\" content=\"https:\/\/florina-vilgertshofer.de\/?page_id=3\" \/>\n<meta property=\"og:site_name\" content=\"Florina Vilgertshofer\" \/>\n<meta property=\"article:publisher\" content=\"https:\/\/www.facebook.com\/minny.cooper.9\" \/>\n<meta property=\"article:modified_time\" content=\"2023-11-24T15:32:53+00:00\" \/>\n<meta property=\"og:image\" content=\"https:\/\/florina-vilgertshofer.de\/wp-content\/uploads\/2023\/02\/florina-vilgertshofer-gruene-muenchen-schwabing-kandidatin-bezirkstag_breit-scaled.jpg\" \/>\n\t<meta property=\"og:image:width\" content=\"2560\" \/>\n\t<meta property=\"og:image:height\" content=\"1209\" \/>\n\t<meta property=\"og:image:type\" content=\"image\/jpeg\" \/>\n<meta name=\"twitter:card\" content=\"summary_large_image\" \/>\n<meta name=\"twitter:label1\" content=\"Gesch\u00e4tzte Lesezeit\" \/>\n\t<meta name=\"twitter:data1\" content=\"4\u00a0Minuten\" \/>\n<script type=\"application\/ld+json\" class=\"yoast-schema-graph\">{\"@context\":\"https:\/\/schema.org\",\"@graph\":[{\"@type\":\"WebPage\",\"@id\":\"https:\/\/florina-vilgertshofer.de\/?page_id=3\",\"url\":\"https:\/\/florina-vilgertshofer.de\/?page_id=3\",\"name\":\"Datenschutzerkl\u00e4rung - Florina Vilgertshofer\",\"isPartOf\":{\"@id\":\"https:\/\/florina-vilgertshofer.de\/#website\"},\"datePublished\":\"2022-12-31T10:21:09+00:00\",\"dateModified\":\"2023-11-24T15:32:53+00:00\",\"breadcrumb\":{\"@id\":\"https:\/\/florina-vilgertshofer.de\/?page_id=3#breadcrumb\"},\"inLanguage\":\"de\",\"potentialAction\":[{\"@type\":\"ReadAction\",\"target\":[\"https:\/\/florina-vilgertshofer.de\/?page_id=3\"]}]},{\"@type\":\"BreadcrumbList\",\"@id\":\"https:\/\/florina-vilgertshofer.de\/?page_id=3#breadcrumb\",\"itemListElement\":[{\"@type\":\"ListItem\",\"position\":1,\"name\":\"Startseite\",\"item\":\"https:\/\/florina-vilgertshofer.de\/\"},{\"@type\":\"ListItem\",\"position\":2,\"name\":\"Datenschutzerkl\u00e4rung\"}]},{\"@type\":\"WebSite\",\"@id\":\"https:\/\/florina-vilgertshofer.de\/#website\",\"url\":\"https:\/\/florina-vilgertshofer.de\/\",\"name\":\"Florina Vilgertshofer\",\"description\":\"Bezirksr\u00e4tin I Kulturpolitikerin\",\"publisher\":{\"@id\":\"https:\/\/florina-vilgertshofer.de\/#\/schema\/person\/c634068ffbadf5345d5be6795bfe2fe7\"},\"alternateName\":\"Fina Vilgertshofer\",\"potentialAction\":[{\"@type\":\"SearchAction\",\"target\":{\"@type\":\"EntryPoint\",\"urlTemplate\":\"https:\/\/florina-vilgertshofer.de\/?s={search_term_string}\"},\"query-input\":{\"@type\":\"PropertyValueSpecification\",\"valueRequired\":true,\"valueName\":\"search_term_string\"}}],\"inLanguage\":\"de\"},{\"@type\":[\"Person\",\"Organization\"],\"@id\":\"https:\/\/florina-vilgertshofer.de\/#\/schema\/person\/c634068ffbadf5345d5be6795bfe2fe7\",\"name\":\"admin\",\"image\":{\"@type\":\"ImageObject\",\"inLanguage\":\"de\",\"@id\":\"https:\/\/florina-vilgertshofer.de\/#\/schema\/person\/image\/\",\"url\":\"http:\/\/florina-vilgertshofer.de\/wp-content\/uploads\/2023\/02\/florina-vilgertshofer-gruene-muenchen-schwabing-kandidatin-bezirkstag_breit-scaled.jpg\",\"contentUrl\":\"http:\/\/florina-vilgertshofer.de\/wp-content\/uploads\/2023\/02\/florina-vilgertshofer-gruene-muenchen-schwabing-kandidatin-bezirkstag_breit-scaled.jpg\",\"width\":2560,\"height\":1209,\"caption\":\"admin\"},\"logo\":{\"@id\":\"https:\/\/florina-vilgertshofer.de\/#\/schema\/person\/image\/\"},\"sameAs\":[\"http:\/\/florina-vilgertshofer.de\",\"https:\/\/www.facebook.com\/minny.cooper.9\",\"https:\/\/www.instagram.com\/finafinch\/\",\"https:\/\/www.linkedin.com\/in\/florina-fina-vilgertshofer-a5320093\/\"]}]}<\/script>\n<!-- \/ Yoast SEO plugin. -->","yoast_head_json":{"title":"Datenschutzerkl\u00e4rung - Florina Vilgertshofer","robots":{"index":"index","follow":"follow","max-snippet":"max-snippet:-1","max-image-preview":"max-image-preview:large","max-video-preview":"max-video-preview:-1"},"canonical":"https:\/\/florina-vilgertshofer.de\/?page_id=3","og_locale":"de_DE","og_type":"article","og_title":"Datenschutzerkl\u00e4rung - Florina Vilgertshofer","og_description":"Florina Vilgertshofer ist als Betreiberin dieser Website (im Folgenden \u201eWir\u201c) Verantwortliche f\u00fcr die personenbezogenen Daten der NutzerInnen der Website (im Folgenden \u201eSie\u201c) der Anwendung findenden Datenschutzgrundverordnung. Der Schutz der personenbezogenen [&hellip;]","og_url":"https:\/\/florina-vilgertshofer.de\/?page_id=3","og_site_name":"Florina Vilgertshofer","article_publisher":"https:\/\/www.facebook.com\/minny.cooper.9","article_modified_time":"2023-11-24T15:32:53+00:00","og_image":[{"width":2560,"height":1209,"url":"https:\/\/florina-vilgertshofer.de\/wp-content\/uploads\/2023\/02\/florina-vilgertshofer-gruene-muenchen-schwabing-kandidatin-bezirkstag_breit-scaled.jpg","type":"image\/jpeg"}],"twitter_card":"summary_large_image","twitter_misc":{"Gesch\u00e4tzte Lesezeit":"4\u00a0Minuten"},"schema":{"@context":"https:\/\/schema.org","@graph":[{"@type":"WebPage","@id":"https:\/\/florina-vilgertshofer.de\/?page_id=3","url":"https:\/\/florina-vilgertshofer.de\/?page_id=3","name":"Datenschutzerkl\u00e4rung - Florina Vilgertshofer","isPartOf":{"@id":"https:\/\/florina-vilgertshofer.de\/#website"},"datePublished":"2022-12-31T10:21:09+00:00","dateModified":"2023-11-24T15:32:53+00:00","breadcrumb":{"@id":"https:\/\/florina-vilgertshofer.de\/?page_id=3#breadcrumb"},"inLanguage":"de","potentialAction":[{"@type":"ReadAction","target":["https:\/\/florina-vilgertshofer.de\/?page_id=3"]}]},{"@type":"BreadcrumbList","@id":"https:\/\/florina-vilgertshofer.de\/?page_id=3#breadcrumb","itemListElement":[{"@type":"ListItem","position":1,"name":"Startseite","item":"https:\/\/florina-vilgertshofer.de\/"},{"@type":"ListItem","position":2,"name":"Datenschutzerkl\u00e4rung"}]},{"@type":"WebSite","@id":"https:\/\/florina-vilgertshofer.de\/#website","url":"https:\/\/florina-vilgertshofer.de\/","name":"Florina Vilgertshofer","description":"Bezirksr\u00e4tin I Kulturpolitikerin","publisher":{"@id":"https:\/\/florina-vilgertshofer.de\/#\/schema\/person\/c634068ffbadf5345d5be6795bfe2fe7"},"alternateName":"Fina Vilgertshofer","potentialAction":[{"@type":"SearchAction","target":{"@type":"EntryPoint","urlTemplate":"https:\/\/florina-vilgertshofer.de\/?s={search_term_string}"},"query-input":{"@type":"PropertyValueSpecification","valueRequired":true,"valueName":"search_term_string"}}],"inLanguage":"de"},{"@type":["Person","Organization"],"@id":"https:\/\/florina-vilgertshofer.de\/#\/schema\/person\/c634068ffbadf5345d5be6795bfe2fe7","name":"admin","image":{"@type":"ImageObject","inLanguage":"de","@id":"https:\/\/florina-vilgertshofer.de\/#\/schema\/person\/image\/","url":"http:\/\/florina-vilgertshofer.de\/wp-content\/uploads\/2023\/02\/florina-vilgertshofer-gruene-muenchen-schwabing-kandidatin-bezirkstag_breit-scaled.jpg","contentUrl":"http:\/\/florina-vilgertshofer.de\/wp-content\/uploads\/2023\/02\/florina-vilgertshofer-gruene-muenchen-schwabing-kandidatin-bezirkstag_breit-scaled.jpg","width":2560,"height":1209,"caption":"admin"},"logo":{"@id":"https:\/\/florina-vilgertshofer.de\/#\/schema\/person\/image\/"},"sameAs":["http:\/\/florina-vilgertshofer.de","https:\/\/www.facebook.com\/minny.cooper.9","https:\/\/www.instagram.com\/finafinch\/","https:\/\/www.linkedin.com\/in\/florina-fina-vilgertshofer-a5320093\/"]}]}},"_links":{"self":[{"href":"https:\/\/florina-vilgertshofer.de\/index.php?rest_route=\/wp\/v2\/pages\/3","targetHints":{"allow":["GET"]}}],"collection":[{"href":"https:\/\/florina-vilgertshofer.de\/index.php?rest_route=\/wp\/v2\/pages"}],"about":[{"href":"https:\/\/florina-vilgertshofer.de\/index.php?rest_route=\/wp\/v2\/types\/page"}],"author":[{"embeddable":true,"href":"https:\/\/florina-vilgertshofer.de\/index.php?rest_route=\/wp\/v2\/users\/1"}],"replies":[{"embeddable":true,"href":"https:\/\/florina-vilgertshofer.de\/index.php?rest_route=%2Fwp%2Fv2%2Fcomments&post=3"}],"version-history":[{"count":8,"href":"https:\/\/florina-vilgertshofer.de\/index.php?rest_route=\/wp\/v2\/pages\/3\/revisions"}],"predecessor-version":[{"id":1317,"href":"https:\/\/florina-vilgertshofer.de\/index.php?rest_route=\/wp\/v2\/pages\/3\/revisions\/1317"}],"wp:attachment":[{"href":"https:\/\/florina-vilgertshofer.de\/index.php?rest_route=%2Fwp%2Fv2%2Fmedia&parent=3"}],"curies":[{"name":"wp","href":"https:\/\/api.w.org\/{rel}","templated":true}]}}