{"id":297,"date":"2023-03-04T18:49:05","date_gmt":"2023-03-04T18:49:05","guid":{"rendered":"https:\/\/florina-vilgertshofer.de\/?page_id=297"},"modified":"2026-02-13T13:57:26","modified_gmt":"2026-02-13T13:57:26","slug":"ueber-mich","status":"publish","type":"page","link":"https:\/\/florina-vilgertshofer.de\/?page_id=297","title":{"rendered":"\u00dcber mich"},"content":{"rendered":"\n<div class=\"wp-block-cover\" style=\"min-height:550px;aspect-ratio:unset;\"><img loading=\"lazy\" decoding=\"async\" width=\"1024\" height=\"683\" class=\"wp-block-cover__image-background wp-image-1654 size-large\" alt=\"\" src=\"http:\/\/florina-vilgertshofer.de\/wp-content\/uploads\/2026\/02\/signal-2026-02-08-230838_002-1024x683.jpeg\" style=\"object-position:45% 13%\" data-object-fit=\"cover\" data-object-position=\"45% 13%\" srcset=\"https:\/\/florina-vilgertshofer.de\/wp-content\/uploads\/2026\/02\/signal-2026-02-08-230838_002-1024x683.jpeg 1024w, https:\/\/florina-vilgertshofer.de\/wp-content\/uploads\/2026\/02\/signal-2026-02-08-230838_002-300x200.jpeg 300w, https:\/\/florina-vilgertshofer.de\/wp-content\/uploads\/2026\/02\/signal-2026-02-08-230838_002-768x512.jpeg 768w, https:\/\/florina-vilgertshofer.de\/wp-content\/uploads\/2026\/02\/signal-2026-02-08-230838_002-1536x1025.jpeg 1536w, https:\/\/florina-vilgertshofer.de\/wp-content\/uploads\/2026\/02\/signal-2026-02-08-230838_002.jpeg 2048w\" sizes=\"auto, (max-width: 1024px) 100vw, 1024px\" \/><span aria-hidden=\"true\" class=\"wp-block-cover__background has-background-dim-0 has-background-dim\" style=\"background-color:#4f3a2c\"><\/span><div class=\"wp-block-cover__inner-container is-layout-flow wp-block-cover-is-layout-flow\">\n<h4 class=\"wp-block-heading has-text-align-left\" style=\"font-size:clamp(26.465px, 1.654rem + ((1vw - 3.2px) * 2.106), 45px);font-style:normal;font-weight:200;text-transform:uppercase\">\u00dcBER MICH<\/h4>\n<\/div><\/div>\n\n\n\n<div style=\"height:63px\" aria-hidden=\"true\" class=\"wp-block-spacer\"><\/div>\n\n\n\n<hr class=\"wp-block-separator has-alpha-channel-opacity\"\/>\n\n\n\n<p class=\"has-text-align-center has-medium-font-size\" style=\"font-style:normal;font-weight:200;letter-spacing:0px;text-transform:uppercase\"> Florina Vilgertshofer  <\/p>\n\n\n\n<div style=\"height:0px\" aria-hidden=\"true\" class=\"wp-block-spacer\"><\/div>\n\n\n\n<p class=\"has-text-align-center has-medium-font-size\" style=\"font-style:normal;font-weight:200;letter-spacing:0px;text-transform:uppercase\">Deine Bezirksr\u00e4tin f\u00fcr den Oberbayerischen Bezirkstag aus M\u00fcnchen-Schwabing!<mark style=\"background-color:rgba(0, 0, 0, 0)\" class=\"has-inline-color has-green-800-color\"> <\/mark> <\/p>\n\n\n\n<hr class=\"wp-block-separator has-alpha-channel-opacity\"\/>\n\n\n\n<p><\/p>\n\n\n\n<div class=\"wp-block-columns is-layout-flex wp-container-core-columns-is-layout-9d6595d7 wp-block-columns-is-layout-flex\">\n<div class=\"wp-block-column is-layout-flow wp-block-column-is-layout-flow\" style=\"flex-basis:100%\">\n<div class=\"wp-block-columns is-layout-flex wp-container-core-columns-is-layout-9d6595d7 wp-block-columns-is-layout-flex\">\n<div class=\"wp-block-column is-layout-flow wp-block-column-is-layout-flow\" style=\"flex-basis:30px\"><\/div>\n\n\n\n<div class=\"wp-block-column is-layout-flow wp-block-column-is-layout-flow\">\n<p><img loading=\"lazy\" decoding=\"async\" width=\"25\" height=\"25\" class=\"wp-image-538\" style=\"width: 25px;\" src=\"http:\/\/florina-vilgertshofer.de\/wp-content\/uploads\/2023\/05\/Star_Born-1.png\" alt=\"\" srcset=\"https:\/\/florina-vilgertshofer.de\/wp-content\/uploads\/2023\/05\/Star_Born-1.png 573w, https:\/\/florina-vilgertshofer.de\/wp-content\/uploads\/2023\/05\/Star_Born-1-300x300.png 300w, https:\/\/florina-vilgertshofer.de\/wp-content\/uploads\/2023\/05\/Star_Born-1-150x150.png 150w, https:\/\/florina-vilgertshofer.de\/wp-content\/uploads\/2023\/05\/Star_Born-1-144x144.png 144w\" sizes=\"auto, (max-width: 25px) 100vw, 25px\" \/>&nbsp;&nbsp;&nbsp;&nbsp;08. Dezember 1990<\/p>\n\n\n\n<p><img loading=\"lazy\" decoding=\"async\" width=\"25\" height=\"15\" class=\"wp-image-536\" style=\"width: 25px;\" src=\"http:\/\/florina-vilgertshofer.de\/wp-content\/uploads\/2023\/05\/Studium_Gruene_Florina-1.png\" alt=\"\">&nbsp;&nbsp;&nbsp;&nbsp;Kultur- und Medienmanagerin<\/p>\n\n\n\n<p><img loading=\"lazy\" decoding=\"async\" width=\"25\" height=\"23\" class=\"wp-image-548\" style=\"width: 25px;\" src=\"http:\/\/florina-vilgertshofer.de\/wp-content\/uploads\/2023\/05\/Parlament_Florina-Vilgertshofer.png\" alt=\"\" srcset=\"https:\/\/florina-vilgertshofer.de\/wp-content\/uploads\/2023\/05\/Parlament_Florina-Vilgertshofer.png 673w, https:\/\/florina-vilgertshofer.de\/wp-content\/uploads\/2023\/05\/Parlament_Florina-Vilgertshofer-300x273.png 300w\" sizes=\"auto, (max-width: 25px) 100vw, 25px\" \/>\u00a0\u00a0\u00a0\u00a0Bezirksr\u00e4tin &amp; stellvertretende Fraktionsvorsitzenden im Bezirkstag Oberbayern <\/p>\n\n\n\n<p><img loading=\"lazy\" decoding=\"async\" width=\"25\" height=\"25\" class=\"wp-image-553\" style=\"width: 25px;\" src=\"http:\/\/florina-vilgertshofer.de\/wp-content\/uploads\/2023\/05\/Giesskanne_Gaertner-1.png\" alt=\"\" srcset=\"https:\/\/florina-vilgertshofer.de\/wp-content\/uploads\/2023\/05\/Giesskanne_Gaertner-1.png 512w, https:\/\/florina-vilgertshofer.de\/wp-content\/uploads\/2023\/05\/Giesskanne_Gaertner-1-300x300.png 300w, https:\/\/florina-vilgertshofer.de\/wp-content\/uploads\/2023\/05\/Giesskanne_Gaertner-1-150x150.png 150w, https:\/\/florina-vilgertshofer.de\/wp-content\/uploads\/2023\/05\/Giesskanne_Gaertner-1-144x144.png 144w\" sizes=\"auto, (max-width: 25px) 100vw, 25px\" \/>&nbsp;&nbsp;&nbsp;&nbsp;eifrige Tomateng\u00e4rtnerin<\/p>\n\n\n\n<p><img loading=\"lazy\" decoding=\"async\" width=\"25\" height=\"25\" class=\"wp-image-557\" style=\"width: 25px;\" src=\"http:\/\/florina-vilgertshofer.de\/wp-content\/uploads\/2023\/05\/shoes.png\" alt=\"\" srcset=\"https:\/\/florina-vilgertshofer.de\/wp-content\/uploads\/2023\/05\/shoes.png 512w, https:\/\/florina-vilgertshofer.de\/wp-content\/uploads\/2023\/05\/shoes-300x300.png 300w, https:\/\/florina-vilgertshofer.de\/wp-content\/uploads\/2023\/05\/shoes-150x150.png 150w, https:\/\/florina-vilgertshofer.de\/wp-content\/uploads\/2023\/05\/shoes-144x144.png 144w\" sizes=\"auto, (max-width: 25px) 100vw, 25px\" \/>&nbsp;&nbsp;&nbsp;&nbsp;passionierte L\u00e4uferin<\/p>\n\n\n\n<p><img loading=\"lazy\" decoding=\"async\" width=\"25\" height=\"26\" class=\"wp-image-1653\" style=\"width: 25px;\" src=\"http:\/\/florina-vilgertshofer.de\/wp-content\/uploads\/2026\/02\/grafik-2.png\" alt=\"\">\u00a0\u00a0\u00a0\u00a0Mutter einer 2025 geborenen Tochter<\/p>\n<\/div>\n<\/div>\n<\/div>\n<\/div>\n\n\n\n<hr class=\"wp-block-separator has-alpha-channel-opacity\"\/>\n\n\n\n<div class=\"wp-block-columns is-layout-flex wp-container-core-columns-is-layout-9d6595d7 wp-block-columns-is-layout-flex\">\n<div class=\"wp-block-column is-layout-flow wp-block-column-is-layout-flow\" style=\"flex-basis:100%\">\n<div class=\"wp-block-columns is-layout-flex wp-container-core-columns-is-layout-9d6595d7 wp-block-columns-is-layout-flex\">\n<div class=\"wp-block-column is-layout-flow wp-block-column-is-layout-flow\" style=\"flex-basis:30px\"><\/div>\n\n\n\n<div class=\"wp-block-column is-layout-flow wp-block-column-is-layout-flow\" style=\"flex-basis:70%\">\n<p class=\"has-medium-font-size\" style=\"font-style:normal;font-weight:200\">PERS\u00d6NLICHES<\/p>\n\n\n\n<p>Im S\u00fcden der Stadt als echtes M\u00fcnchner Kindl aufgewachsen habe ich unsere sch\u00f6ne Stadt mit Kinos, Theater, Clubs und einer wunderbaren Eisdielendichte, mit den umliegenden Badenseen und der N\u00e4he zu den Bergen schon fr\u00fch lieben gelernt. Die Sommer meiner Kindheit habe ich dank der Diplomarbeit meiner Eltern in unseren Oberbayerischen Mooren verbracht. Meine Faszination f\u00fcr unsere Natur und Umwelt und der unbedingte Wunsch, diese zu sch\u00fctzen, entspringt dieser Zeit. <\/p>\n\n\n\n<p>Schon im Kindergarten hat es mich genervt, dass ich als M\u00e4dchen immer die Prinzessin und nicht den Ritter spielen sollte und k\u00e4mpfe heute f\u00fcr eine Welt, in der Rollenbilder nicht qua Geschlecht bestimmt werden. <\/p>\n\n\n\n<p>Mein Interesse f\u00fcr Kunst und Kultur wuchs in meiner Schulzeit, nach dem Abitur studierte ich Theaterwissenschaft, Kunstgeschichte und Musikwissenschaft an der LMU. Die Miete in der M\u00fcnchner Innenstadt konnte ich mir nur dank vieler Nachtschichten in der Gastronomie leisten. Nach einigen Jahren im Norden, mit Stationen in Hamburg und Amsterdam zog es mich 2018 wieder zur\u00fcck in den S\u00fcden, zu den Bergen, dem sonnigen Wetter und den Badeseen &#8211; und mit dem Erstarken der AfD begann ich in dieser Zeit, mich politisch zu engagieren. Die wiederholten Grenz\u00fcberschreitungen der konservativen Parteien nach rechts und ein erstarkender Populismus sind Gift f\u00fcr unsere Demokratie, politische Handeln und der konstruktive Diskurs der demokratischen Parteien heute wichtiger denn je. <\/p>\n\n\n\n<p>Deshalb engagiere ich mich kulturpolitisch, denn ich bin \u00fcberzeugt davon, dass gemeinsame Erlebnisse, der Austausch und das Zusammenkommen bei Konzerten, im Kino oder auf dem Volksfest der Kitt sind, der unsere Gesellschaft zusammenh\u00e4lt. Und ohne eine starke, solidarische Gesellschaft werden wir die gro\u00dfen Herausforderungen, vor der wir durch den Klimawandel und den Angriffskrieg auf die Ukraine stehen, nicht bew\u00e4ltigen k\u00f6nnen. <\/p>\n<\/div>\n\n\n\n<div class=\"wp-block-column is-layout-flow wp-block-column-is-layout-flow\" style=\"flex-basis:40%\">\n<div style=\"height:28px\" aria-hidden=\"true\" class=\"wp-block-spacer\"><\/div>\n\n\n\n<figure class=\"wp-block-image size-full\"><img loading=\"lazy\" decoding=\"async\" width=\"568\" height=\"522\" src=\"http:\/\/florina-vilgertshofer.de\/wp-content\/uploads\/2023\/05\/Florina-Vilgertshofer_Kind_Blau_Terasse.jpg\" alt=\"\" class=\"wp-image-567\" srcset=\"https:\/\/florina-vilgertshofer.de\/wp-content\/uploads\/2023\/05\/Florina-Vilgertshofer_Kind_Blau_Terasse.jpg 568w, https:\/\/florina-vilgertshofer.de\/wp-content\/uploads\/2023\/05\/Florina-Vilgertshofer_Kind_Blau_Terasse-300x276.jpg 300w\" sizes=\"auto, (max-width: 568px) 100vw, 568px\" \/><\/figure>\n\n\n\n<div style=\"height:20px\" aria-hidden=\"true\" class=\"wp-block-spacer\"><\/div>\n\n\n\n<figure class=\"wp-block-image size-large\"><img loading=\"lazy\" decoding=\"async\" width=\"768\" height=\"1024\" src=\"https:\/\/florina-vilgertshofer.de\/wp-content\/uploads\/2023\/09\/Haustuerwahlkampf-Gruene-Florina-Vilgertshofer-Lehel-Treppenhaus-768x1024.jpeg\" alt=\"\" class=\"wp-image-1068\" srcset=\"https:\/\/florina-vilgertshofer.de\/wp-content\/uploads\/2023\/09\/Haustuerwahlkampf-Gruene-Florina-Vilgertshofer-Lehel-Treppenhaus-768x1024.jpeg 768w, https:\/\/florina-vilgertshofer.de\/wp-content\/uploads\/2023\/09\/Haustuerwahlkampf-Gruene-Florina-Vilgertshofer-Lehel-Treppenhaus-225x300.jpeg 225w, https:\/\/florina-vilgertshofer.de\/wp-content\/uploads\/2023\/09\/Haustuerwahlkampf-Gruene-Florina-Vilgertshofer-Lehel-Treppenhaus-1152x1536.jpeg 1152w, https:\/\/florina-vilgertshofer.de\/wp-content\/uploads\/2023\/09\/Haustuerwahlkampf-Gruene-Florina-Vilgertshofer-Lehel-Treppenhaus.jpeg 1536w\" sizes=\"auto, (max-width: 768px) 100vw, 768px\" \/><\/figure>\n<\/div>\n<\/div>\n<\/div>\n<\/div>\n\n\n\n<hr class=\"wp-block-separator has-alpha-channel-opacity\"\/>\n\n\n\n<div class=\"wp-block-columns is-layout-flex wp-container-core-columns-is-layout-9d6595d7 wp-block-columns-is-layout-flex\">\n<div class=\"wp-block-column is-layout-flow wp-block-column-is-layout-flow\" style=\"flex-basis:100%\">\n<div class=\"wp-block-columns is-layout-flex wp-container-core-columns-is-layout-9d6595d7 wp-block-columns-is-layout-flex\">\n<div class=\"wp-block-column is-layout-flow wp-block-column-is-layout-flow\" style=\"flex-basis:30px\"><\/div>\n\n\n\n<div class=\"wp-block-column is-layout-flow wp-block-column-is-layout-flow\" style=\"flex-basis:70%\">\n<p class=\"has-medium-font-size\" style=\"font-style:normal;font-weight:200\">GR\u00dcNE VITA <\/p>\n\n\n\n<div style=\"height:19px\" aria-hidden=\"true\" class=\"wp-block-spacer\"><\/div>\n\n\n\n<p>01\/2018&nbsp;&nbsp;&nbsp;&nbsp;Parteieintritt<\/p>\n\n\n\n<p>05\/2020&nbsp;&nbsp;&nbsp;&nbsp;Vorsitzende des Unterausschuss Kultur und Demokratief\u00f6rderung im Bezirksausschuss Maxvorstadt<\/p>\n\n\n\n<p>06\/2021&nbsp;&nbsp;&nbsp;&nbsp;Mitglied in der LAG Kultur der Bayerischen Gr\u00fcnen<\/p>\n\n\n\n<p>03\/2022&nbsp;&nbsp;&nbsp;&nbsp;Sprecherin des Arbeitskreises Kultur der M\u00fcnchner Gr\u00fcnen<\/p>\n\n\n\n<p>03\/2023&nbsp;&nbsp;&nbsp;&nbsp;Sprecherin des Ortsverbandes M\u00fcnchen-Schwabing-Freimann-Maxvorstadt<\/p>\n\n\n\n<p>10\/2023&nbsp;&nbsp;&nbsp;&nbsp;Bezirksr\u00e4tin im Bezirkstag Oberbayern, stellvertretenden Fraktionsvorsitzende und Berichterstatterin f\u00fcr Kultur &amp; Heimatpflege<\/p>\n<\/div>\n\n\n\n<div class=\"wp-block-column is-layout-flow wp-block-column-is-layout-flow\" style=\"flex-basis:40%\">\n<div style=\"height:80px\" aria-hidden=\"true\" class=\"wp-block-spacer\"><\/div>\n\n\n\n<figure class=\"wp-block-image size-large\"><img loading=\"lazy\" decoding=\"async\" width=\"1024\" height=\"736\" src=\"https:\/\/florina-vilgertshofer.de\/wp-content\/uploads\/2023\/09\/Hierneis-Christian-Florina-Vilgertshofer-Direktkandidaten-Gruene-Schwabing-LTW-2023-1024x736.jpg\" alt=\"\" class=\"wp-image-1080\" srcset=\"https:\/\/florina-vilgertshofer.de\/wp-content\/uploads\/2023\/09\/Hierneis-Christian-Florina-Vilgertshofer-Direktkandidaten-Gruene-Schwabing-LTW-2023-1024x736.jpg 1024w, https:\/\/florina-vilgertshofer.de\/wp-content\/uploads\/2023\/09\/Hierneis-Christian-Florina-Vilgertshofer-Direktkandidaten-Gruene-Schwabing-LTW-2023-300x216.jpg 300w, https:\/\/florina-vilgertshofer.de\/wp-content\/uploads\/2023\/09\/Hierneis-Christian-Florina-Vilgertshofer-Direktkandidaten-Gruene-Schwabing-LTW-2023-768x552.jpg 768w, https:\/\/florina-vilgertshofer.de\/wp-content\/uploads\/2023\/09\/Hierneis-Christian-Florina-Vilgertshofer-Direktkandidaten-Gruene-Schwabing-LTW-2023-1536x1104.jpg 1536w, https:\/\/florina-vilgertshofer.de\/wp-content\/uploads\/2023\/09\/Hierneis-Christian-Florina-Vilgertshofer-Direktkandidaten-Gruene-Schwabing-LTW-2023-2048x1472.jpg 2048w\" sizes=\"auto, (max-width: 1024px) 100vw, 1024px\" \/><\/figure>\n<\/div>\n<\/div>\n\n\n\n<div style=\"height:71px\" aria-hidden=\"true\" class=\"wp-block-spacer\"><\/div>\n<\/div>\n<\/div>\n","protected":false},"excerpt":{"rendered":"<p>Florina Vilgertshofer Deine Bezirksr\u00e4tin f\u00fcr den Oberbayerischen Bezirkstag aus M\u00fcnchen-Schwabing! &nbsp;&nbsp;&nbsp;&nbsp;08. Dezember 1990 &nbsp;&nbsp;&nbsp;&nbsp;Kultur- und Medienmanagerin \u00a0\u00a0\u00a0\u00a0Bezirksr\u00e4tin &amp; stellvertretende Fraktionsvorsitzenden im Bezirkstag Oberbayern &nbsp;&nbsp;&nbsp;&nbsp;eifrige Tomateng\u00e4rtnerin &nbsp;&nbsp;&nbsp;&nbsp;passionierte L\u00e4uferin \u00a0\u00a0\u00a0\u00a0Mutter einer 2025 [&hellip;]<\/p>\n","protected":false},"author":1,"featured_media":0,"parent":0,"menu_order":0,"comment_status":"closed","ping_status":"closed","template":"","meta":{"footnotes":""},"class_list":["post-297","page","type-page","status-publish","hentry"],"yoast_head":"<!-- This site is optimized with the Yoast SEO plugin v25.7 - https:\/\/yoast.com\/wordpress\/plugins\/seo\/ -->\n<title>Florina Vilgertshofer I \u00dcber mich I Kandidatin I Bezirkstag I Gr\u00fcne<\/title>\n<meta name=\"description\" content=\"Florina Vilgertshofer I Direktkandidatin Gr\u00fcne Bezirkstag I \u00dcber mich und meinen poltischen Werdegang I Erfahre mehr!\" \/>\n<meta name=\"robots\" content=\"index, follow, max-snippet:-1, max-image-preview:large, max-video-preview:-1\" \/>\n<link rel=\"canonical\" href=\"https:\/\/florina-vilgertshofer.de\/?page_id=297\" \/>\n<meta property=\"og:locale\" content=\"de_DE\" \/>\n<meta property=\"og:type\" content=\"article\" \/>\n<meta property=\"og:title\" content=\"Florina Vilgertshofer I \u00dcber mich I Kandidatin I Bezirkstag I Gr\u00fcne\" \/>\n<meta property=\"og:description\" content=\"Florina Vilgertshofer I Direktkandidatin Gr\u00fcne Bezirkstag I \u00dcber mich und meinen poltischen Werdegang I Erfahre mehr!\" \/>\n<meta property=\"og:url\" content=\"https:\/\/florina-vilgertshofer.de\/?page_id=297\" \/>\n<meta property=\"og:site_name\" content=\"Florina Vilgertshofer\" \/>\n<meta property=\"article:publisher\" content=\"https:\/\/www.facebook.com\/minny.cooper.9\" \/>\n<meta property=\"article:modified_time\" content=\"2026-02-13T13:57:26+00:00\" \/>\n<meta property=\"og:image\" content=\"https:\/\/florina-vilgertshofer.de\/wp-content\/uploads\/2026\/02\/signal-2026-02-08-230838_002.jpeg\" \/>\n\t<meta property=\"og:image:width\" content=\"2048\" \/>\n\t<meta property=\"og:image:height\" content=\"1366\" \/>\n\t<meta property=\"og:image:type\" content=\"image\/jpeg\" \/>\n<meta name=\"twitter:card\" content=\"summary_large_image\" \/>\n<meta name=\"twitter:label1\" content=\"Gesch\u00e4tzte Lesezeit\" \/>\n\t<meta name=\"twitter:data1\" content=\"5\u00a0Minuten\" \/>\n<script type=\"application\/ld+json\" class=\"yoast-schema-graph\">{\"@context\":\"https:\/\/schema.org\",\"@graph\":[{\"@type\":\"WebPage\",\"@id\":\"https:\/\/florina-vilgertshofer.de\/?page_id=297\",\"url\":\"https:\/\/florina-vilgertshofer.de\/?page_id=297\",\"name\":\"Florina Vilgertshofer I \u00dcber mich I Kandidatin I Bezirkstag I Gr\u00fcne\",\"isPartOf\":{\"@id\":\"https:\/\/florina-vilgertshofer.de\/#website\"},\"primaryImageOfPage\":{\"@id\":\"https:\/\/florina-vilgertshofer.de\/?page_id=297#primaryimage\"},\"image\":{\"@id\":\"https:\/\/florina-vilgertshofer.de\/?page_id=297#primaryimage\"},\"thumbnailUrl\":\"http:\/\/florina-vilgertshofer.de\/wp-content\/uploads\/2026\/02\/signal-2026-02-08-230838_002-1024x683.jpeg\",\"datePublished\":\"2023-03-04T18:49:05+00:00\",\"dateModified\":\"2026-02-13T13:57:26+00:00\",\"description\":\"Florina Vilgertshofer I Direktkandidatin Gr\u00fcne Bezirkstag I \u00dcber mich und meinen poltischen Werdegang I Erfahre mehr!\",\"breadcrumb\":{\"@id\":\"https:\/\/florina-vilgertshofer.de\/?page_id=297#breadcrumb\"},\"inLanguage\":\"de\",\"potentialAction\":[{\"@type\":\"ReadAction\",\"target\":[\"https:\/\/florina-vilgertshofer.de\/?page_id=297\"]}]},{\"@type\":\"ImageObject\",\"inLanguage\":\"de\",\"@id\":\"https:\/\/florina-vilgertshofer.de\/?page_id=297#primaryimage\",\"url\":\"https:\/\/florina-vilgertshofer.de\/wp-content\/uploads\/2026\/02\/signal-2026-02-08-230838_002.jpeg\",\"contentUrl\":\"https:\/\/florina-vilgertshofer.de\/wp-content\/uploads\/2026\/02\/signal-2026-02-08-230838_002.jpeg\",\"width\":2048,\"height\":1366},{\"@type\":\"BreadcrumbList\",\"@id\":\"https:\/\/florina-vilgertshofer.de\/?page_id=297#breadcrumb\",\"itemListElement\":[{\"@type\":\"ListItem\",\"position\":1,\"name\":\"Startseite\",\"item\":\"https:\/\/florina-vilgertshofer.de\/\"},{\"@type\":\"ListItem\",\"position\":2,\"name\":\"\u00dcber mich\"}]},{\"@type\":\"WebSite\",\"@id\":\"https:\/\/florina-vilgertshofer.de\/#website\",\"url\":\"https:\/\/florina-vilgertshofer.de\/\",\"name\":\"Florina Vilgertshofer\",\"description\":\"Bezirksr\u00e4tin I Kulturpolitikerin\",\"publisher\":{\"@id\":\"https:\/\/florina-vilgertshofer.de\/#\/schema\/person\/c634068ffbadf5345d5be6795bfe2fe7\"},\"alternateName\":\"Fina Vilgertshofer\",\"potentialAction\":[{\"@type\":\"SearchAction\",\"target\":{\"@type\":\"EntryPoint\",\"urlTemplate\":\"https:\/\/florina-vilgertshofer.de\/?s={search_term_string}\"},\"query-input\":{\"@type\":\"PropertyValueSpecification\",\"valueRequired\":true,\"valueName\":\"search_term_string\"}}],\"inLanguage\":\"de\"},{\"@type\":[\"Person\",\"Organization\"],\"@id\":\"https:\/\/florina-vilgertshofer.de\/#\/schema\/person\/c634068ffbadf5345d5be6795bfe2fe7\",\"name\":\"admin\",\"image\":{\"@type\":\"ImageObject\",\"inLanguage\":\"de\",\"@id\":\"https:\/\/florina-vilgertshofer.de\/#\/schema\/person\/image\/\",\"url\":\"http:\/\/florina-vilgertshofer.de\/wp-content\/uploads\/2023\/02\/florina-vilgertshofer-gruene-muenchen-schwabing-kandidatin-bezirkstag_breit-scaled.jpg\",\"contentUrl\":\"http:\/\/florina-vilgertshofer.de\/wp-content\/uploads\/2023\/02\/florina-vilgertshofer-gruene-muenchen-schwabing-kandidatin-bezirkstag_breit-scaled.jpg\",\"width\":2560,\"height\":1209,\"caption\":\"admin\"},\"logo\":{\"@id\":\"https:\/\/florina-vilgertshofer.de\/#\/schema\/person\/image\/\"},\"sameAs\":[\"http:\/\/florina-vilgertshofer.de\",\"https:\/\/www.facebook.com\/minny.cooper.9\",\"https:\/\/www.instagram.com\/finafinch\/\",\"https:\/\/www.linkedin.com\/in\/florina-fina-vilgertshofer-a5320093\/\"]}]}<\/script>\n<!-- \/ Yoast SEO plugin. -->","yoast_head_json":{"title":"Florina Vilgertshofer I \u00dcber mich I Kandidatin I Bezirkstag I Gr\u00fcne","description":"Florina Vilgertshofer I Direktkandidatin Gr\u00fcne Bezirkstag I \u00dcber mich und meinen poltischen Werdegang I Erfahre mehr!","robots":{"index":"index","follow":"follow","max-snippet":"max-snippet:-1","max-image-preview":"max-image-preview:large","max-video-preview":"max-video-preview:-1"},"canonical":"https:\/\/florina-vilgertshofer.de\/?page_id=297","og_locale":"de_DE","og_type":"article","og_title":"Florina Vilgertshofer I \u00dcber mich I Kandidatin I Bezirkstag I Gr\u00fcne","og_description":"Florina Vilgertshofer I Direktkandidatin Gr\u00fcne Bezirkstag I \u00dcber mich und meinen poltischen Werdegang I Erfahre mehr!","og_url":"https:\/\/florina-vilgertshofer.de\/?page_id=297","og_site_name":"Florina Vilgertshofer","article_publisher":"https:\/\/www.facebook.com\/minny.cooper.9","article_modified_time":"2026-02-13T13:57:26+00:00","og_image":[{"width":2048,"height":1366,"url":"https:\/\/florina-vilgertshofer.de\/wp-content\/uploads\/2026\/02\/signal-2026-02-08-230838_002.jpeg","type":"image\/jpeg"}],"twitter_card":"summary_large_image","twitter_misc":{"Gesch\u00e4tzte Lesezeit":"5\u00a0Minuten"},"schema":{"@context":"https:\/\/schema.org","@graph":[{"@type":"WebPage","@id":"https:\/\/florina-vilgertshofer.de\/?page_id=297","url":"https:\/\/florina-vilgertshofer.de\/?page_id=297","name":"Florina Vilgertshofer I \u00dcber mich I Kandidatin I Bezirkstag I Gr\u00fcne","isPartOf":{"@id":"https:\/\/florina-vilgertshofer.de\/#website"},"primaryImageOfPage":{"@id":"https:\/\/florina-vilgertshofer.de\/?page_id=297#primaryimage"},"image":{"@id":"https:\/\/florina-vilgertshofer.de\/?page_id=297#primaryimage"},"thumbnailUrl":"http:\/\/florina-vilgertshofer.de\/wp-content\/uploads\/2026\/02\/signal-2026-02-08-230838_002-1024x683.jpeg","datePublished":"2023-03-04T18:49:05+00:00","dateModified":"2026-02-13T13:57:26+00:00","description":"Florina Vilgertshofer I Direktkandidatin Gr\u00fcne Bezirkstag I \u00dcber mich und meinen poltischen Werdegang I Erfahre mehr!","breadcrumb":{"@id":"https:\/\/florina-vilgertshofer.de\/?page_id=297#breadcrumb"},"inLanguage":"de","potentialAction":[{"@type":"ReadAction","target":["https:\/\/florina-vilgertshofer.de\/?page_id=297"]}]},{"@type":"ImageObject","inLanguage":"de","@id":"https:\/\/florina-vilgertshofer.de\/?page_id=297#primaryimage","url":"https:\/\/florina-vilgertshofer.de\/wp-content\/uploads\/2026\/02\/signal-2026-02-08-230838_002.jpeg","contentUrl":"https:\/\/florina-vilgertshofer.de\/wp-content\/uploads\/2026\/02\/signal-2026-02-08-230838_002.jpeg","width":2048,"height":1366},{"@type":"BreadcrumbList","@id":"https:\/\/florina-vilgertshofer.de\/?page_id=297#breadcrumb","itemListElement":[{"@type":"ListItem","position":1,"name":"Startseite","item":"https:\/\/florina-vilgertshofer.de\/"},{"@type":"ListItem","position":2,"name":"\u00dcber mich"}]},{"@type":"WebSite","@id":"https:\/\/florina-vilgertshofer.de\/#website","url":"https:\/\/florina-vilgertshofer.de\/","name":"Florina Vilgertshofer","description":"Bezirksr\u00e4tin I Kulturpolitikerin","publisher":{"@id":"https:\/\/florina-vilgertshofer.de\/#\/schema\/person\/c634068ffbadf5345d5be6795bfe2fe7"},"alternateName":"Fina Vilgertshofer","potentialAction":[{"@type":"SearchAction","target":{"@type":"EntryPoint","urlTemplate":"https:\/\/florina-vilgertshofer.de\/?s={search_term_string}"},"query-input":{"@type":"PropertyValueSpecification","valueRequired":true,"valueName":"search_term_string"}}],"inLanguage":"de"},{"@type":["Person","Organization"],"@id":"https:\/\/florina-vilgertshofer.de\/#\/schema\/person\/c634068ffbadf5345d5be6795bfe2fe7","name":"admin","image":{"@type":"ImageObject","inLanguage":"de","@id":"https:\/\/florina-vilgertshofer.de\/#\/schema\/person\/image\/","url":"http:\/\/florina-vilgertshofer.de\/wp-content\/uploads\/2023\/02\/florina-vilgertshofer-gruene-muenchen-schwabing-kandidatin-bezirkstag_breit-scaled.jpg","contentUrl":"http:\/\/florina-vilgertshofer.de\/wp-content\/uploads\/2023\/02\/florina-vilgertshofer-gruene-muenchen-schwabing-kandidatin-bezirkstag_breit-scaled.jpg","width":2560,"height":1209,"caption":"admin"},"logo":{"@id":"https:\/\/florina-vilgertshofer.de\/#\/schema\/person\/image\/"},"sameAs":["http:\/\/florina-vilgertshofer.de","https:\/\/www.facebook.com\/minny.cooper.9","https:\/\/www.instagram.com\/finafinch\/","https:\/\/www.linkedin.com\/in\/florina-fina-vilgertshofer-a5320093\/"]}]}},"_links":{"self":[{"href":"https:\/\/florina-vilgertshofer.de\/index.php?rest_route=\/wp\/v2\/pages\/297","targetHints":{"allow":["GET"]}}],"collection":[{"href":"https:\/\/florina-vilgertshofer.de\/index.php?rest_route=\/wp\/v2\/pages"}],"about":[{"href":"https:\/\/florina-vilgertshofer.de\/index.php?rest_route=\/wp\/v2\/types\/page"}],"author":[{"embeddable":true,"href":"https:\/\/florina-vilgertshofer.de\/index.php?rest_route=\/wp\/v2\/users\/1"}],"replies":[{"embeddable":true,"href":"https:\/\/florina-vilgertshofer.de\/index.php?rest_route=%2Fwp%2Fv2%2Fcomments&post=297"}],"version-history":[{"count":108,"href":"https:\/\/florina-vilgertshofer.de\/index.php?rest_route=\/wp\/v2\/pages\/297\/revisions"}],"predecessor-version":[{"id":1656,"href":"https:\/\/florina-vilgertshofer.de\/index.php?rest_route=\/wp\/v2\/pages\/297\/revisions\/1656"}],"wp:attachment":[{"href":"https:\/\/florina-vilgertshofer.de\/index.php?rest_route=%2Fwp%2Fv2%2Fmedia&parent=297"}],"curies":[{"name":"wp","href":"https:\/\/api.w.org\/{rel}","templated":true}]}}